{"id":211,"date":"2024-12-16T09:40:25","date_gmt":"2024-12-16T08:40:25","guid":{"rendered":"https:\/\/grossentextil.se\/?page_id=211"},"modified":"2024-12-16T09:40:25","modified_gmt":"2024-12-16T08:40:25","slug":"fritidsbyxor","status":"publish","type":"page","link":"https:\/\/grossentextil.se\/en\/fritidsbyxor\/","title":{"rendered":"Casual pants"},"content":{"rendered":"<p>Filmer -Fritidsbyxor<\/p>\n\n\n\n<p><a href=\"https:\/\/www.youtube.com\/watch?v=gu-TK9wGZko\" target=\"_blank\" rel=\"noreferrer noopener\">Fritidsbyxor mallutsk\u00e4rning #1<\/a><br><a href=\"https:\/\/www.youtube.com\/watch?v=VfjsKJBdgoc\" target=\"_blank\" rel=\"noreferrer noopener\">Fritidsbyxor mallutsk\u00e4rning #2<\/a><br><br><a href=\"https:\/\/www.youtube.com\/watch?v=4M_X4Y6JQzY\" target=\"_blank\" rel=\"noreferrer noopener\">Fritidsbyxor s\u00f6mnad #1<\/a><br><a href=\"https:\/\/www.youtube.com\/watch?v=7NCQ5_jY2R8\" target=\"_blank\" rel=\"noreferrer noopener\">Fritidsbyxor s\u00f6mnad #2<\/a><br><a href=\"https:\/\/www.youtube.com\/watch?v=AYbuGFQxkSU\" target=\"_blank\" rel=\"noreferrer noopener\">Fritidsbyxor s\u00f6mnad #3<\/a><br><a href=\"https:\/\/www.youtube.com\/watch?v=IkCDUm-1VEY\" target=\"_blank\" rel=\"noreferrer noopener\">Fritidsbyxor s\u00f6mnad #4<\/a><br><a href=\"https:\/\/www.youtube.com\/watch?v=UlYyAYA0sLI\" target=\"_blank\" rel=\"noreferrer noopener\">Fritidsbyxor s\u00f6mnad #5<\/a><br><a href=\"https:\/\/www.youtube.com\/watch?v=GRPWgx4trWs\" target=\"_blank\" rel=\"noreferrer noopener\">Fritidsbyxor s\u00f6mnad #6<\/a><br><a href=\"https:\/\/www.youtube.com\/watch?v=GZagidBTp48\" target=\"_blank\" rel=\"noreferrer noopener\">Fritidsbyxor s\u00f6mnad #7<\/a><\/p>","protected":false},"excerpt":{"rendered":"<p>Filmer -Fritidsbyxor Fritidsbyxor mallutsk\u00e4rning #1Fritidsbyxor mallutsk\u00e4rning #2 Fritidsbyxor s\u00f6mnad #1Fritidsbyxor s\u00f6mnad #2Fritidsbyxor s\u00f6mnad #3Fritidsbyxor s\u00f6mnad #4Fritidsbyxor s\u00f6mnad #5Fritidsbyxor s\u00f6mnad #6Fritidsbyxor s\u00f6mnad #7<\/p>","protected":false},"author":1,"featured_media":0,"parent":0,"menu_order":0,"comment_status":"closed","ping_status":"closed","template":"","meta":{"_themeisle_gutenberg_block_has_review":false,"footnotes":""},"class_list":["post-211","page","type-page","status-publish","hentry"],"_links":{"self":[{"href":"https:\/\/grossentextil.se\/en\/wp-json\/wp\/v2\/pages\/211","targetHints":{"allow":["GET"]}}],"collection":[{"href":"https:\/\/grossentextil.se\/en\/wp-json\/wp\/v2\/pages"}],"about":[{"href":"https:\/\/grossentextil.se\/en\/wp-json\/wp\/v2\/types\/page"}],"author":[{"embeddable":true,"href":"https:\/\/grossentextil.se\/en\/wp-json\/wp\/v2\/users\/1"}],"replies":[{"embeddable":true,"href":"https:\/\/grossentextil.se\/en\/wp-json\/wp\/v2\/comments?post=211"}],"version-history":[{"count":1,"href":"https:\/\/grossentextil.se\/en\/wp-json\/wp\/v2\/pages\/211\/revisions"}],"predecessor-version":[{"id":213,"href":"https:\/\/grossentextil.se\/en\/wp-json\/wp\/v2\/pages\/211\/revisions\/213"}],"wp:attachment":[{"href":"https:\/\/grossentextil.se\/en\/wp-json\/wp\/v2\/media?parent=211"}],"curies":[{"name":"wp","href":"https:\/\/api.w.org\/{rel}","templated":true}]}}