{"id":164,"date":"2024-12-16T08:58:37","date_gmt":"2024-12-16T07:58:37","guid":{"rendered":"https:\/\/grossentextil.se\/?page_id=164"},"modified":"2024-12-16T08:58:37","modified_gmt":"2024-12-16T07:58:37","slug":"kvalite","status":"publish","type":"page","link":"https:\/\/grossentextil.se\/en\/kvalite\/","title":{"rendered":"Quality"},"content":{"rendered":"<p><strong>For kitchen textiles:<\/strong><\/p>\n\n\n\n<ul class=\"wp-block-list\">\n<li>We deliver well-inspected and flawless goods.<\/li>\n\n\n\n<li>We work with machine-dyed yarn.<\/li>\n\n\n\n<li>Delivers Nonylphenol free goods.<\/li>\n\n\n\n<li>100% cotton.<\/li>\n\n\n\n<li>We are ISO 9001 and ISO 2000 certified.<\/li>\n\n\n\n<li>We are SA8000 certified.<\/li>\n\n\n\n<li>We have Reach certificates on all our products.<\/li>\n<\/ul>\n\n\n\n<p><strong>For the carpets:<\/strong><\/p>\n\n\n\n<ul class=\"wp-block-list\">\n<li>Wilton mats are made of Polypropylene.<\/li>\n\n\n\n<li>Printed mats are made of Nylon and a latex backing.<\/li>\n\n\n\n<li>Yarn-dyed carpets are made of polypropylene and have a latex backing.<\/li>\n\n\n\n<li>Flat woven rugs are made of jute warp and polypropylene, available with a latex backing.<\/li>\n\n\n\n<li>Rya mats are made of Polypropylene.<\/li>\n\n\n\n<li>Indian doormats are made of natural rubber and coconut leaves.<\/li>\n\n\n\n<li>Indian printed cotton rugs<\/li>\n\n\n\n<li>Indian plastic mats<\/li>\n\n\n\n<li>Indian woven rugs<\/li>\n\n\n\n<li>Indian woven wool rugs<\/li>\n<\/ul>\n\n\n<div class=\"wp-block-image\">\n<figure class=\"aligncenter size-full\"><img fetchpriority=\"high\" decoding=\"async\" width=\"325\" height=\"244\" src=\"https:\/\/grossentextil.se\/wp-content\/uploads\/2024\/12\/cimg0012.jpg\" alt=\"\" class=\"wp-image-165\" srcset=\"https:\/\/grossentextil.se\/wp-content\/uploads\/2024\/12\/cimg0012.jpg 325w, https:\/\/grossentextil.se\/wp-content\/uploads\/2024\/12\/cimg0012-300x225.jpg 300w\" sizes=\"(max-width: 325px) 100vw, 325px\" \/><\/figure>\n<\/div>","protected":false},"excerpt":{"rendered":"<p>F\u00f6r k\u00f6kstextilen g\u00e4ller: F\u00f6r mattorna g\u00e4ller:<\/p>","protected":false},"author":1,"featured_media":0,"parent":0,"menu_order":0,"comment_status":"closed","ping_status":"closed","template":"","meta":{"_themeisle_gutenberg_block_has_review":false,"footnotes":""},"class_list":["post-164","page","type-page","status-publish","hentry"],"_links":{"self":[{"href":"https:\/\/grossentextil.se\/en\/wp-json\/wp\/v2\/pages\/164","targetHints":{"allow":["GET"]}}],"collection":[{"href":"https:\/\/grossentextil.se\/en\/wp-json\/wp\/v2\/pages"}],"about":[{"href":"https:\/\/grossentextil.se\/en\/wp-json\/wp\/v2\/types\/page"}],"author":[{"embeddable":true,"href":"https:\/\/grossentextil.se\/en\/wp-json\/wp\/v2\/users\/1"}],"replies":[{"embeddable":true,"href":"https:\/\/grossentextil.se\/en\/wp-json\/wp\/v2\/comments?post=164"}],"version-history":[{"count":1,"href":"https:\/\/grossentextil.se\/en\/wp-json\/wp\/v2\/pages\/164\/revisions"}],"predecessor-version":[{"id":167,"href":"https:\/\/grossentextil.se\/en\/wp-json\/wp\/v2\/pages\/164\/revisions\/167"}],"wp:attachment":[{"href":"https:\/\/grossentextil.se\/en\/wp-json\/wp\/v2\/media?parent=164"}],"curies":[{"name":"wp","href":"https:\/\/api.w.org\/{rel}","templated":true}]}}