{"id":160,"date":"2024-12-16T08:55:13","date_gmt":"2024-12-16T07:55:13","guid":{"rendered":"https:\/\/grossentextil.se\/?page_id=160"},"modified":"2024-12-17T13:17:13","modified_gmt":"2024-12-17T12:17:13","slug":"mcklader","status":"publish","type":"page","link":"https:\/\/grossentextil.se\/en\/mcklader\/","title":{"rendered":"MCKL\u00c4DER"},"content":{"rendered":"<div data-elementor-type=\"wp-page\" data-elementor-id=\"160\" class=\"elementor elementor-160\">\n\t\t\t\t<div class=\"elementor-element elementor-element-1749267b e-flex e-con-boxed e-con e-parent\" data-id=\"1749267b\" data-element_type=\"container\">\n\t\t\t\t\t<div class=\"e-con-inner\">\n\t\t\t\t<div class=\"elementor-element elementor-element-2d1be795 elementor-widget elementor-widget-text-editor\" data-id=\"2d1be795\" data-element_type=\"widget\" data-widget_type=\"text-editor.default\">\n\t\t\t\t<div class=\"elementor-widget-container\">\n\t\t\t\t\t\t\t\t\t\n<h3><strong>We sell CE certified motorcycle clothing under the DIMONDY brand. <\/strong><strong>Please visit <a href=\"https:\/\/www.mcvaror.se\/\" target=\"_blank\" rel=\"noreferrer noopener\">MCVAROR.se<\/a> <\/strong><\/h3>\n<h4><strong>Here you can see our entire range of:<\/strong><\/h4>\n\n<ul class=\"wp-block-list\">\n<li>\n<h5><a href=\"https:\/\/www.mcvaror.se\/kevlarskjortor\/\" target=\"_blank\" rel=\"noreferrer noopener\">Kevlarskjortor<\/a><\/h5>\n<\/li>\n\n<li>\n<h5><a href=\"https:\/\/www.mcvaror.se\/kevlar-bomberjackor\/\" target=\"_blank\" rel=\"noreferrer noopener\">Kevlarbomberjackor<\/a><\/h5>\n<\/li>\n\n<li>\n<h5><a href=\"https:\/\/www.mcvaror.se\/kevlar-hoodie\/\" target=\"_blank\" rel=\"noreferrer noopener\">Kevlarhoddie<\/a><\/h5>\n<\/li>\n\n<li>\n<h5><a href=\"https:\/\/www.mcvaror.se\/mc-utrustning\/\" target=\"_blank\" rel=\"noreferrer noopener\">Kevlar kragtr\u00f6ja<\/a><\/h5>\n<\/li>\n\n<li>\n<h5><a href=\"https:\/\/www.mcvaror.se\/mc-byxor\/\" target=\"_blank\" rel=\"noreferrer noopener\">Kevlarjeans<\/a><\/h5>\n<\/li>\n\n<li>\n<h5><a href=\"https:\/\/www.mcvaror.se\/mc-utrustning\/\" target=\"_blank\" rel=\"noreferrer noopener\">Allv\u00e4derskl\u00e4der<\/a><\/h5>\n<\/li>\n\n<li>\n<h5><a href=\"https:\/\/www.mcvaror.se\/mc-byxor\/\" target=\"_blank\" rel=\"noreferrer noopener\">Buffel skinns jackor och byxor<\/a><\/h5>\n<\/li>\n\n<li>\n<h5><a href=\"https:\/\/www.mcvaror.se\/mc-hjalmar\/\" target=\"_blank\" rel=\"noreferrer noopener\">Hj\u00e4lmar med ECE m\u00e4rkning<\/a><\/h5>\n<\/li>\n\n<li>\n<h5><a href=\"https:\/\/www.mcvaror.se\/mc-handskar\/\" target=\"_blank\" rel=\"noreferrer noopener\">Mc handskar<\/a><\/h5>\n<\/li>\n\n<li>\n<h5><a href=\"https:\/\/www.mcvaror.se\/mc-skydd\/\" target=\"_blank\" rel=\"noreferrer noopener\">Ryggskydd<\/a><\/h5>\n<\/li>\n\n<li>\n<h5><a href=\"https:\/\/www.mcvaror.se\/mc-skydd\/\" target=\"_blank\" rel=\"noreferrer noopener\">Skyddsjacka<\/a><\/h5>\n<\/li>\n\n<li>\n<h5><a href=\"https:\/\/www.mcvaror.se\/mc-skydd\/\" target=\"_blank\" rel=\"noreferrer noopener\">Regnkl\u00e4der<\/a><\/h5>\n<\/li>\n\n<li>\n<h5><a href=\"https:\/\/www.mcvaror.se\/mc-stovlar\/\" target=\"_blank\" rel=\"noreferrer noopener\">Allv\u00e4ders skor<\/a><\/h5>\n<\/li>\n\n<li>\n<h5><a href=\"https:\/\/www.mcvaror.se\/mc-stovlar\/\" target=\"_blank\" rel=\"noreferrer noopener\">Mc sneakers<\/a><\/h5>\n<\/li>\n<\/ul>\n\n<h5 class=\"wp-block-heading\"><strong><br \/>Resellers<\/strong> :\u00a0<strong> request a quote.<\/strong><\/h5>\n\n<p>\u00a0<\/p>\n\t\t\t\t\t\t\t\t<\/div>\n\t\t\t\t<\/div>\n\t\t\t\t<div class=\"elementor-element elementor-element-0e2e9ef elementor-view-default elementor-widget elementor-widget-icon\" data-id=\"0e2e9ef\" data-element_type=\"widget\" data-widget_type=\"icon.default\">\n\t\t\t\t<div class=\"elementor-widget-container\">\n\t\t\t\t\t\t\t<div class=\"elementor-icon-wrapper\">\n\t\t\t<div class=\"elementor-icon\">\n\t\t\t<svg aria-hidden=\"true\" class=\"e-font-icon-svg e-fas-star\" viewbox=\"0 0 576 512\" xmlns=\"http:\/\/www.w3.org\/2000\/svg\"><path d=\"M259.3 17.8L194 150.2 47.9 171.5c-26.2 3.8-36.7 36.1-17.7 54.6l105.7 103-25 145.5c-4.5 26.3 23.2 46 46.4 33.7L288 439.6l130.7 68.7c23.2 12.2 50.9-7.4 46.4-33.7l-25-145.5 105.7-103c19-18.5 8.5-50.8-17.7-54.6L382 150.2 316.7 17.8c-11.7-23.6-45.6-23.9-57.4 0z\"><\/path><\/svg>\t\t\t<\/div>\n\t\t<\/div>\n\t\t\t\t\t\t<\/div>\n\t\t\t\t<\/div>\n\t\t\t\t\t<\/div>\n\t\t\t\t<\/div>\n\t\t\t\t<\/div>","protected":false},"excerpt":{"rendered":"<p>Vi s\u00e4ljer CE certifierade Mc-kl\u00e4der under varum\u00e4rket DIMONDY. Bes\u00f6k g\u00e4rna MCVAROR.se H\u00e4r ser Ni hela v\u00e5rt utbud av: \u00c5terf\u00f6rs\u00e4ljare :\u00a0 beg\u00e4r offert. \u00a0<\/p>","protected":false},"author":1,"featured_media":0,"parent":0,"menu_order":0,"comment_status":"closed","ping_status":"closed","template":"","meta":{"_themeisle_gutenberg_block_has_review":false,"footnotes":""},"class_list":["post-160","page","type-page","status-publish","hentry"],"_links":{"self":[{"href":"https:\/\/grossentextil.se\/en\/wp-json\/wp\/v2\/pages\/160","targetHints":{"allow":["GET"]}}],"collection":[{"href":"https:\/\/grossentextil.se\/en\/wp-json\/wp\/v2\/pages"}],"about":[{"href":"https:\/\/grossentextil.se\/en\/wp-json\/wp\/v2\/types\/page"}],"author":[{"embeddable":true,"href":"https:\/\/grossentextil.se\/en\/wp-json\/wp\/v2\/users\/1"}],"replies":[{"embeddable":true,"href":"https:\/\/grossentextil.se\/en\/wp-json\/wp\/v2\/comments?post=160"}],"version-history":[{"count":10,"href":"https:\/\/grossentextil.se\/en\/wp-json\/wp\/v2\/pages\/160\/revisions"}],"predecessor-version":[{"id":290,"href":"https:\/\/grossentextil.se\/en\/wp-json\/wp\/v2\/pages\/160\/revisions\/290"}],"wp:attachment":[{"href":"https:\/\/grossentextil.se\/en\/wp-json\/wp\/v2\/media?parent=160"}],"curies":[{"name":"wp","href":"https:\/\/api.w.org\/{rel}","templated":true}]}}